{"id":8,"date":"2025-10-29T07:42:54","date_gmt":"2025-10-29T07:42:54","guid":{"rendered":"https:\/\/ambrosen.se\/?page_id=8"},"modified":"2025-10-29T07:42:54","modified_gmt":"2025-10-29T07:42:54","slug":"kontakta-oss","status":"publish","type":"page","link":"http:\/\/ambrosen.se\/index.php\/kontakta-oss\/","title":{"rendered":"Kontakta oss"},"content":{"rendered":"\n<p>Du \u00e4r v\u00e4lkommen att kontakta oss 7 dagar i veckan, 24timmar om dygnet. Var god kontakta oss igenom att fylla i formul\u00e4ret nedan. Dina kommentarer och f\u00f6rslag \u00e4r alltid uppskattade.<\/p>\n\n\n\n<p>Ange ditt namn och din e-postadress s\u00e5 att vi kan svara p\u00e5 din f\u00f6rfr\u00e5gan.<\/p>\n\n\n\n<figure class=\"wp-block-image size-full\"><img loading=\"lazy\" decoding=\"async\" width=\"232\" height=\"33\" src=\"https:\/\/ambrosen.se\/wp-content\/uploads\/2025\/10\/sert.png\" alt=\"\" class=\"wp-image-10\"\/><\/figure>\n\n\n\n<figure class=\"wp-block-image size-full\"><img loading=\"lazy\" decoding=\"async\" width=\"321\" height=\"11\" src=\"https:\/\/ambrosen.se\/wp-content\/uploads\/2025\/10\/phone.png\" alt=\"\" class=\"wp-image-9\" srcset=\"http:\/\/ambrosen.se\/wp-content\/uploads\/2025\/10\/phone.png 321w, http:\/\/ambrosen.se\/wp-content\/uploads\/2025\/10\/phone-300x10.png 300w\" sizes=\"auto, (max-width: 321px) 100vw, 321px\" \/><\/figure>\n","protected":false},"excerpt":{"rendered":"<p>Du \u00e4r v\u00e4lkommen att kontakta oss 7 dagar i veckan, 24timmar om dygnet. Var god kontakta oss igenom att fylla i formul\u00e4ret nedan. Dina kommentarer och f\u00f6rslag \u00e4r alltid uppskattade. Ange ditt namn och din e-postadress s\u00e5 att vi kan svara p\u00e5 din f\u00f6rfr\u00e5gan.<\/p>\n","protected":false},"author":1,"featured_media":0,"parent":0,"menu_order":0,"comment_status":"closed","ping_status":"closed","template":"","meta":{"footnotes":""},"class_list":["post-8","page","type-page","status-publish","hentry"],"_links":{"self":[{"href":"http:\/\/ambrosen.se\/index.php\/wp-json\/wp\/v2\/pages\/8","targetHints":{"allow":["GET"]}}],"collection":[{"href":"http:\/\/ambrosen.se\/index.php\/wp-json\/wp\/v2\/pages"}],"about":[{"href":"http:\/\/ambrosen.se\/index.php\/wp-json\/wp\/v2\/types\/page"}],"author":[{"embeddable":true,"href":"http:\/\/ambrosen.se\/index.php\/wp-json\/wp\/v2\/users\/1"}],"replies":[{"embeddable":true,"href":"http:\/\/ambrosen.se\/index.php\/wp-json\/wp\/v2\/comments?post=8"}],"version-history":[{"count":1,"href":"http:\/\/ambrosen.se\/index.php\/wp-json\/wp\/v2\/pages\/8\/revisions"}],"predecessor-version":[{"id":11,"href":"http:\/\/ambrosen.se\/index.php\/wp-json\/wp\/v2\/pages\/8\/revisions\/11"}],"wp:attachment":[{"href":"http:\/\/ambrosen.se\/index.php\/wp-json\/wp\/v2\/media?parent=8"}],"curies":[{"name":"wp","href":"https:\/\/api.w.org\/{rel}","templated":true}]}}